{"id":3283,"date":"2026-03-26T00:16:24","date_gmt":"2026-03-25T21:16:24","guid":{"rendered":"https:\/\/www.aviexproduction.com\/about-us\/"},"modified":"2026-03-26T00:17:37","modified_gmt":"2026-03-25T21:17:37","slug":"about-us","status":"publish","type":"page","link":"https:\/\/www.aviexproduction.com\/en\/about-us\/","title":{"rendered":"About Us"},"content":{"rendered":"\t\t<div data-elementor-type=\"wp-page\" data-elementor-id=\"3283\" class=\"elementor elementor-3283 elementor-1283\" data-elementor-post-type=\"page\">\n\t\t\t\t\t\t<section class=\"elementor-section elementor-top-section elementor-element elementor-element-03b100a elementor-reverse-tablet elementor-reverse-mobile_extra elementor-reverse-mobile elementor-section-boxed elementor-section-height-default elementor-section-height-default\" data-id=\"03b100a\" data-element_type=\"section\" data-e-type=\"section\" data-settings=\"{&quot;wdt_bg_image&quot;:{&quot;url&quot;:&quot;&quot;,&quot;id&quot;:&quot;&quot;,&quot;size&quot;:&quot;&quot;},&quot;wdt_bg_image_widescreen&quot;:{&quot;url&quot;:&quot;&quot;,&quot;id&quot;:&quot;&quot;,&quot;size&quot;:&quot;&quot;},&quot;wdt_bg_image_laptop&quot;:{&quot;url&quot;:&quot;&quot;,&quot;id&quot;:&quot;&quot;,&quot;size&quot;:&quot;&quot;},&quot;wdt_bg_image_tablet_extra&quot;:{&quot;url&quot;:&quot;&quot;,&quot;id&quot;:&quot;&quot;,&quot;size&quot;:&quot;&quot;},&quot;wdt_bg_image_tablet&quot;:{&quot;url&quot;:&quot;&quot;,&quot;id&quot;:&quot;&quot;,&quot;size&quot;:&quot;&quot;},&quot;wdt_bg_image_mobile_extra&quot;:{&quot;url&quot;:&quot;&quot;,&quot;id&quot;:&quot;&quot;,&quot;size&quot;:&quot;&quot;},&quot;wdt_bg_image_mobile&quot;:{&quot;url&quot;:&quot;&quot;,&quot;id&quot;:&quot;&quot;,&quot;size&quot;:&quot;&quot;},&quot;wdt_bg_position&quot;:&quot;center center&quot;,&quot;wdt_animation_effect&quot;:&quot;none&quot;}\">\n\t\t\t\t\t\t<div class=\"elementor-container elementor-column-gap-no\">\n\t\t\t\t\t<div class=\"elementor-column elementor-col-50 elementor-top-column elementor-element elementor-element-45fc036\" data-id=\"45fc036\" data-element_type=\"column\" data-e-type=\"column\">\n\t\t\t<div class=\"elementor-widget-wrap elementor-element-populated\">\n\t\t\t\t\t\t<section class=\"elementor-section elementor-inner-section elementor-element elementor-element-e644bb4 elementor-section-full_width elementor-section-height-default elementor-section-height-default elementor-invisible\" data-id=\"e644bb4\" data-element_type=\"section\" data-e-type=\"section\" data-settings=\"{&quot;animation&quot;:&quot;fadeInLeft&quot;,&quot;wdt_bg_image&quot;:{&quot;url&quot;:&quot;&quot;,&quot;id&quot;:&quot;&quot;,&quot;size&quot;:&quot;&quot;},&quot;wdt_bg_image_widescreen&quot;:{&quot;url&quot;:&quot;&quot;,&quot;id&quot;:&quot;&quot;,&quot;size&quot;:&quot;&quot;},&quot;wdt_bg_image_laptop&quot;:{&quot;url&quot;:&quot;&quot;,&quot;id&quot;:&quot;&quot;,&quot;size&quot;:&quot;&quot;},&quot;wdt_bg_image_tablet_extra&quot;:{&quot;url&quot;:&quot;&quot;,&quot;id&quot;:&quot;&quot;,&quot;size&quot;:&quot;&quot;},&quot;wdt_bg_image_tablet&quot;:{&quot;url&quot;:&quot;&quot;,&quot;id&quot;:&quot;&quot;,&quot;size&quot;:&quot;&quot;},&quot;wdt_bg_image_mobile_extra&quot;:{&quot;url&quot;:&quot;&quot;,&quot;id&quot;:&quot;&quot;,&quot;size&quot;:&quot;&quot;},&quot;wdt_bg_image_mobile&quot;:{&quot;url&quot;:&quot;&quot;,&quot;id&quot;:&quot;&quot;,&quot;size&quot;:&quot;&quot;},&quot;wdt_bg_position&quot;:&quot;center center&quot;,&quot;wdt_animation_effect&quot;:&quot;none&quot;}\">\n\t\t\t\t\t\t<div class=\"elementor-container elementor-column-gap-no\">\n\t\t\t\t\t<div class=\"elementor-column elementor-col-100 elementor-inner-column elementor-element elementor-element-29acbd1\" data-id=\"29acbd1\" data-element_type=\"column\" data-e-type=\"column\">\n\t\t\t<div class=\"elementor-widget-wrap elementor-element-populated\">\n\t\t\t\t\t\t<div class=\"elementor-element elementor-element-339e93f start wdt-custom-common-heading-subtitle-type-2 animated-fast before-after-title elementor-invisible elementor-widget elementor-widget-wdt-heading\" data-id=\"339e93f\" data-element_type=\"widget\" data-e-type=\"widget\" data-settings=\"{&quot;_animation&quot;:&quot;fadeInRight&quot;,&quot;_animation_delay&quot;:100,&quot;wdt_animation_effect&quot;:&quot;none&quot;}\" data-widget_type=\"wdt-heading.default\">\n\t\t\t\t<div class=\"elementor-widget-container\">\n\t\t\t\t\t<div class=\"wdt-heading-holder \" id=\"wdt-heading-339e93f\"><div class=\"wdt-heading-subtitle-wrapper wdt-heading-align-center wdt-heading-deco-wrapper\"><span class=\"wdt-heading-subtitle\"><span class=\"wdt-heading-deco-inner wdt-left-part\"><span class=\"wdt-heading-deco-icon\"><span class=\"wdt-content-icon-wrapper\"><span class=\"wdt-content-icon\"><span><i aria-hidden=\"true\" class=\"fas fa-circle\"><\/i><\/span><\/span><\/span><\/span><\/span>Aviex Production<span class=\"wdt-heading-deco-inner wdt-right-part\"><span class=\"wdt-heading-deco-icon\"><span class=\"wdt-content-icon-wrapper\"><span class=\"wdt-content-icon\"><span><i aria-hidden=\"true\" class=\"fas fa-circle\"><\/i><\/span><\/span><\/span><\/span><\/span><\/span><\/div><\/div>\t\t\t\t<\/div>\n\t\t\t\t<\/div>\n\t\t\t\t<div class=\"elementor-element elementor-element-bbbaa94 wdt-custom-common-heading-title elementor-widget elementor-widget-qi_addons_for_elementor_animated_text\" data-id=\"bbbaa94\" data-element_type=\"widget\" data-e-type=\"widget\" data-settings=\"{&quot;wdt_animation_effect&quot;:&quot;none&quot;}\" data-widget_type=\"qi_addons_for_elementor_animated_text.default\">\n\t\t\t\t<div class=\"elementor-widget-container\">\n\t\t\t\t\t<div class=\"qodef-shortcode qodef-m qodef-qi-animated-text qodef--alignment-left qodef-qi--has-appear qodef--appear-from-right\" >\n\t\t<h1 class=\"qodef-m-title\">\n\t\tAbout Us\t<\/h1>\n<\/div>\n\t\t\t\t<\/div>\n\t\t\t\t<\/div>\n\t\t\t\t<div class=\"elementor-element elementor-element-ce77328 elementor-widget__width-initial elementor-widget-tablet__width-inherit elementor-widget elementor-widget-text-editor\" data-id=\"ce77328\" data-element_type=\"widget\" data-e-type=\"widget\" data-settings=\"{&quot;wdt_animation_effect&quot;:&quot;none&quot;}\" data-widget_type=\"text-editor.default\">\n\t\t\t\t<div class=\"elementor-widget-container\">\n\t\t\t\t\t\t\t\t\t<p>  Aviex Production is a production company that makes a difference in the sector with its innovative vision and comprehensive service portfolio. Based in Istanbul, our company has successfully completed many prestigious projects on a local and international scale.<br>Since the day we were founded, we have been providing technical support and project solutions in many areas such as television programs, concert organizations, sports competitions, conferences, live broadcasts, studio installation, broadcast engineering, stage design, rental live broadcast vehicles, video and audio equipment rental. <\/p><p>With our state-of-the-art equipment and expert team, we aim to provide our customers with a unique audio-visual experience. While the personalized solutions we offer in stage design and lighting add aesthetic and technical value to your events, our rental and technical support services are designed to meet your every need. Aviex Production, which adopts customer satisfaction as our basic principle, aims to provide a service beyond expectations by meticulously planning each project. Our service concept, which we equip with creative solutions and innovative technologies, has come together to make your projects a success and make your events unforgettable. As Aviex Production, with our commitment to quality and excellence, we take your events one step further and aim to achieve success together.    <\/p>\t\t\t\t\t\t\t\t<\/div>\n\t\t\t\t<\/div>\n\t\t\t\t\t<\/div>\n\t\t<\/div>\n\t\t\t\t\t<\/div>\n\t\t<\/section>\n\t\t\t\t\t<\/div>\n\t\t<\/div>\n\t\t\t\t<div class=\"elementor-column elementor-col-50 elementor-top-column elementor-element elementor-element-738ba4d elementor-hidden-mobile_extra elementor-hidden-mobile elementor-invisible\" data-id=\"738ba4d\" data-element_type=\"column\" data-e-type=\"column\" data-settings=\"{&quot;background_background&quot;:&quot;classic&quot;,&quot;animation&quot;:&quot;fadeInRight&quot;}\">\n\t\t\t<div class=\"elementor-widget-wrap elementor-element-populated\">\n\t\t\t\t\t\t<div class=\"elementor-element elementor-element-b89c523 elementor-widget elementor-widget-spacer\" data-id=\"b89c523\" data-element_type=\"widget\" data-e-type=\"widget\" data-settings=\"{&quot;wdt_animation_effect&quot;:&quot;none&quot;}\" data-widget_type=\"spacer.default\">\n\t\t\t\t<div class=\"elementor-widget-container\">\n\t\t\t\t\t\t\t<div class=\"elementor-spacer\">\n\t\t\t<div class=\"elementor-spacer-inner\"><\/div>\n\t\t<\/div>\n\t\t\t\t\t\t<\/div>\n\t\t\t\t<\/div>\n\t\t\t\t\t<\/div>\n\t\t<\/div>\n\t\t\t\t\t<\/div>\n\t\t<\/section>\n\t\t\t\t<\/div>\n\t\t","protected":false},"excerpt":{"rendered":"<p>Aviex Production About Us Aviex Production is a production company that makes a difference in the sector with its innovative vision and comprehensive service portfolio. Based in Istanbul, our company has successfully completed many prestigious projects on a local and international scale.Since the day we were founded, we have been providing technical support and project [&hellip;]<\/p>\n","protected":false},"author":1,"featured_media":0,"parent":0,"menu_order":0,"comment_status":"closed","ping_status":"closed","template":"elementor_header_footer","meta":{"footnotes":""},"class_list":["post-3283","page","type-page","status-publish","hentry"],"yoast_head":"<!-- This site is optimized with the Yoast SEO Premium plugin v27.3 (Yoast SEO v27.4) - https:\/\/yoast.com\/product\/yoast-seo-premium-wordpress\/ -->\n<title>Aviex Production About Us<\/title>\n<meta name=\"description\" content=\"Aviex Prod\u00fcksiyon, based in Istanbul, aims to enhance your projects with its comprehensive services.\" \/>\n<meta name=\"robots\" content=\"index, follow, max-snippet:-1, max-image-preview:large, max-video-preview:-1\" \/>\n<link rel=\"canonical\" href=\"https:\/\/www.aviexproduction.com\/en\/about-us\/\" \/>\n<meta property=\"og:locale\" content=\"en_US\" \/>\n<meta property=\"og:type\" content=\"article\" \/>\n<meta property=\"og:title\" content=\"About Us\" \/>\n<meta property=\"og:description\" content=\"Aviex Prod\u00fcksiyon, based in Istanbul, aims to enhance your projects with its comprehensive services.\" \/>\n<meta property=\"og:url\" content=\"https:\/\/www.aviexproduction.com\/en\/about-us\/\" \/>\n<meta property=\"og:site_name\" content=\"Aviex Prod\u00fcksiyon\" \/>\n<meta property=\"article:modified_time\" content=\"2026-03-25T21:17:37+00:00\" \/>\n<meta property=\"og:image\" content=\"https:\/\/www.aviexproduction.com\/wp-content\/uploads\/2024\/12\/Aviex-Teknik-Produksiyon-Logo-yoast.png\" \/>\n\t<meta property=\"og:image:width\" content=\"1200\" \/>\n\t<meta property=\"og:image:height\" content=\"675\" \/>\n\t<meta property=\"og:image:type\" content=\"image\/png\" \/>\n<meta name=\"twitter:card\" content=\"summary_large_image\" \/>\n<meta name=\"twitter:label1\" content=\"Est. reading time\" \/>\n\t<meta name=\"twitter:data1\" content=\"1 minute\" \/>\n<script type=\"application\/ld+json\" class=\"yoast-schema-graph\">{\"@context\":\"https:\\\/\\\/schema.org\",\"@graph\":[{\"@type\":\"WebPage\",\"@id\":\"https:\\\/\\\/www.aviexproduction.com\\\/en\\\/about-us\\\/\",\"url\":\"https:\\\/\\\/www.aviexproduction.com\\\/en\\\/about-us\\\/\",\"name\":\"Aviex Production About Us\",\"isPartOf\":{\"@id\":\"https:\\\/\\\/www.aviexproduction.com\\\/en\\\/#website\"},\"datePublished\":\"2026-03-25T21:16:24+00:00\",\"dateModified\":\"2026-03-25T21:17:37+00:00\",\"description\":\"Aviex Prod\u00fcksiyon, based in Istanbul, aims to enhance your projects with its comprehensive services.\",\"breadcrumb\":{\"@id\":\"https:\\\/\\\/www.aviexproduction.com\\\/en\\\/about-us\\\/#breadcrumb\"},\"inLanguage\":\"en-US\",\"potentialAction\":[{\"@type\":\"ReadAction\",\"target\":[\"https:\\\/\\\/www.aviexproduction.com\\\/en\\\/about-us\\\/\"]}]},{\"@type\":\"BreadcrumbList\",\"@id\":\"https:\\\/\\\/www.aviexproduction.com\\\/en\\\/about-us\\\/#breadcrumb\",\"itemListElement\":[{\"@type\":\"ListItem\",\"position\":1,\"name\":\"Anasayfa\",\"item\":\"https:\\\/\\\/www.aviexproduction.com\\\/en\\\/home-page\\\/\"},{\"@type\":\"ListItem\",\"position\":2,\"name\":\"About Us\"}]},{\"@type\":\"WebSite\",\"@id\":\"https:\\\/\\\/www.aviexproduction.com\\\/en\\\/#website\",\"url\":\"https:\\\/\\\/www.aviexproduction.com\\\/en\\\/\",\"name\":\"Aviex Prod\u00fcksiyon\",\"description\":\"Teknik Prod\u00fcksiyon Ekipman Kiralama\",\"publisher\":{\"@id\":\"https:\\\/\\\/www.aviexproduction.com\\\/en\\\/#organization\"},\"alternateName\":\"aviex\",\"potentialAction\":[{\"@type\":\"SearchAction\",\"target\":{\"@type\":\"EntryPoint\",\"urlTemplate\":\"https:\\\/\\\/www.aviexproduction.com\\\/en\\\/?s={search_term_string}\"},\"query-input\":{\"@type\":\"PropertyValueSpecification\",\"valueRequired\":true,\"valueName\":\"search_term_string\"}}],\"inLanguage\":\"en-US\"},{\"@type\":[\"Organization\",\"Place\",\"ProfessionalService\"],\"@id\":\"https:\\\/\\\/www.aviexproduction.com\\\/en\\\/#organization\",\"name\":\"Aviex Prod\u00fcksiyon ve Dan\u0131\u015fmanl\u0131k Hizmetleri Limited \u015eirketi\",\"alternateName\":\"Aviex Prod\u00fcksiyon\",\"url\":\"https:\\\/\\\/www.aviexproduction.com\\\/en\\\/\",\"logo\":{\"@id\":\"https:\\\/\\\/www.aviexproduction.com\\\/en\\\/about-us\\\/#local-main-organization-logo\"},\"image\":{\"@id\":\"https:\\\/\\\/www.aviexproduction.com\\\/en\\\/about-us\\\/#local-main-organization-logo\"},\"sameAs\":[\"https:\\\/\\\/www.instagram.com\\\/aviexproduction\\\/\"],\"description\":\"Aviex Prod\u00fcksiyon, teknik prod\u00fcksiyon, profesyonel kamera kiralama, LED ekran \u00e7\u00f6z\u00fcmleri, ses ve \u0131\u015f\u0131k sistemleri, sahne ve dekor kurulumu ile canl\u0131 yay\u0131n hizmetlerinde kapsaml\u0131 \u00e7\u00f6z\u00fcmler sunmaktad\u0131r.\",\"legalName\":\"Aviex Prod\u00fcksiyon ve Dan\u0131\u015fmanl\u0131k Hizmetleri Limited \u015eirketi\",\"foundingDate\":\"2023-01-09\",\"numberOfEmployees\":{\"@type\":\"QuantitativeValue\",\"minValue\":\"1\",\"maxValue\":\"10\"},\"ownershipFundingInfo\":\"https:\\\/\\\/www.aviexproduction.com\\\/\",\"correctionsPolicy\":\"https:\\\/\\\/www.aviexproduction.com\\\/kvkk\\\/\",\"ethicsPolicy\":\"https:\\\/\\\/www.aviexproduction.com\\\/cerez-politikasi\\\/\",\"address\":{\"@id\":\"https:\\\/\\\/www.aviexproduction.com\\\/en\\\/about-us\\\/#local-main-place-address\"},\"geo\":{\"@type\":\"GeoCoordinates\",\"latitude\":\"41.05919\",\"longitude\":\"28.71186\"},\"telephone\":[\"0212 999 44 69\"],\"contactPoint\":{\"@type\":\"ContactPoint\",\"telephone\":\"+905336223598\",\"email\":\"can@aviexproduction.com\"},\"openingHoursSpecification\":[{\"@type\":\"OpeningHoursSpecification\",\"dayOfWeek\":[\"Monday\",\"Tuesday\",\"Wednesday\",\"Thursday\",\"Friday\",\"Saturday\",\"Sunday\"],\"opens\":\"09:00\",\"closes\":\"19:00\"}],\"email\":\"info@aviexproduction.com\",\"areaServed\":\"T\u00fcrkiye\",\"vatID\":\"1061521882\",\"globalLocationNumber\":\"+90\",\"priceRange\":\"$\",\"currenciesAccepted\":\"TL\"},{\"@type\":\"PostalAddress\",\"@id\":\"https:\\\/\\\/www.aviexproduction.com\\\/en\\\/about-us\\\/#local-main-place-address\",\"streetAddress\":\"Tahtakale, Ispartakule Blv T10\",\"addressLocality\":\"istanbul\",\"postalCode\":\"34325\",\"addressRegion\":\"Avc\u0131lar\",\"addressCountry\":\"TR\"},{\"@type\":\"ImageObject\",\"inLanguage\":\"en-US\",\"@id\":\"https:\\\/\\\/www.aviexproduction.com\\\/en\\\/about-us\\\/#local-main-organization-logo\",\"url\":\"https:\\\/\\\/www.aviexproduction.com\\\/wp-content\\\/uploads\\\/2024\\\/12\\\/Aviex-Teknik-Produksiyon-Logo-600-600.png\",\"contentUrl\":\"https:\\\/\\\/www.aviexproduction.com\\\/wp-content\\\/uploads\\\/2024\\\/12\\\/Aviex-Teknik-Produksiyon-Logo-600-600.png\",\"width\":1667,\"height\":1667,\"caption\":\"Aviex Prod\u00fcksiyon ve Dan\u0131\u015fmanl\u0131k Hizmetleri Limited \u015eirketi\"}]}<\/script>\n<meta name=\"geo.placename\" content=\"istanbul\" \/>\n<meta name=\"geo.position\" content=\"41.05919;28.71186\" \/>\n<meta name=\"geo.region\" content=\"Turkey\" \/>\n<!-- \/ Yoast SEO Premium plugin. -->","yoast_head_json":{"title":"Aviex Production About Us","description":"Aviex Prod\u00fcksiyon, based in Istanbul, aims to enhance your projects with its comprehensive services.","robots":{"index":"index","follow":"follow","max-snippet":"max-snippet:-1","max-image-preview":"max-image-preview:large","max-video-preview":"max-video-preview:-1"},"canonical":"https:\/\/www.aviexproduction.com\/en\/about-us\/","og_locale":"en_US","og_type":"article","og_title":"About Us","og_description":"Aviex Prod\u00fcksiyon, based in Istanbul, aims to enhance your projects with its comprehensive services.","og_url":"https:\/\/www.aviexproduction.com\/en\/about-us\/","og_site_name":"Aviex Prod\u00fcksiyon","article_modified_time":"2026-03-25T21:17:37+00:00","og_image":[{"width":1200,"height":675,"url":"https:\/\/www.aviexproduction.com\/wp-content\/uploads\/2024\/12\/Aviex-Teknik-Produksiyon-Logo-yoast.png","type":"image\/png"}],"twitter_card":"summary_large_image","twitter_misc":{"Est. reading time":"1 minute"},"schema":{"@context":"https:\/\/schema.org","@graph":[{"@type":"WebPage","@id":"https:\/\/www.aviexproduction.com\/en\/about-us\/","url":"https:\/\/www.aviexproduction.com\/en\/about-us\/","name":"Aviex Production About Us","isPartOf":{"@id":"https:\/\/www.aviexproduction.com\/en\/#website"},"datePublished":"2026-03-25T21:16:24+00:00","dateModified":"2026-03-25T21:17:37+00:00","description":"Aviex Prod\u00fcksiyon, based in Istanbul, aims to enhance your projects with its comprehensive services.","breadcrumb":{"@id":"https:\/\/www.aviexproduction.com\/en\/about-us\/#breadcrumb"},"inLanguage":"en-US","potentialAction":[{"@type":"ReadAction","target":["https:\/\/www.aviexproduction.com\/en\/about-us\/"]}]},{"@type":"BreadcrumbList","@id":"https:\/\/www.aviexproduction.com\/en\/about-us\/#breadcrumb","itemListElement":[{"@type":"ListItem","position":1,"name":"Anasayfa","item":"https:\/\/www.aviexproduction.com\/en\/home-page\/"},{"@type":"ListItem","position":2,"name":"About Us"}]},{"@type":"WebSite","@id":"https:\/\/www.aviexproduction.com\/en\/#website","url":"https:\/\/www.aviexproduction.com\/en\/","name":"Aviex Prod\u00fcksiyon","description":"Teknik Prod\u00fcksiyon Ekipman Kiralama","publisher":{"@id":"https:\/\/www.aviexproduction.com\/en\/#organization"},"alternateName":"aviex","potentialAction":[{"@type":"SearchAction","target":{"@type":"EntryPoint","urlTemplate":"https:\/\/www.aviexproduction.com\/en\/?s={search_term_string}"},"query-input":{"@type":"PropertyValueSpecification","valueRequired":true,"valueName":"search_term_string"}}],"inLanguage":"en-US"},{"@type":["Organization","Place","ProfessionalService"],"@id":"https:\/\/www.aviexproduction.com\/en\/#organization","name":"Aviex Prod\u00fcksiyon ve Dan\u0131\u015fmanl\u0131k Hizmetleri Limited \u015eirketi","alternateName":"Aviex Prod\u00fcksiyon","url":"https:\/\/www.aviexproduction.com\/en\/","logo":{"@id":"https:\/\/www.aviexproduction.com\/en\/about-us\/#local-main-organization-logo"},"image":{"@id":"https:\/\/www.aviexproduction.com\/en\/about-us\/#local-main-organization-logo"},"sameAs":["https:\/\/www.instagram.com\/aviexproduction\/"],"description":"Aviex Prod\u00fcksiyon, teknik prod\u00fcksiyon, profesyonel kamera kiralama, LED ekran \u00e7\u00f6z\u00fcmleri, ses ve \u0131\u015f\u0131k sistemleri, sahne ve dekor kurulumu ile canl\u0131 yay\u0131n hizmetlerinde kapsaml\u0131 \u00e7\u00f6z\u00fcmler sunmaktad\u0131r.","legalName":"Aviex Prod\u00fcksiyon ve Dan\u0131\u015fmanl\u0131k Hizmetleri Limited \u015eirketi","foundingDate":"2023-01-09","numberOfEmployees":{"@type":"QuantitativeValue","minValue":"1","maxValue":"10"},"ownershipFundingInfo":"https:\/\/www.aviexproduction.com\/","correctionsPolicy":"https:\/\/www.aviexproduction.com\/kvkk\/","ethicsPolicy":"https:\/\/www.aviexproduction.com\/cerez-politikasi\/","address":{"@id":"https:\/\/www.aviexproduction.com\/en\/about-us\/#local-main-place-address"},"geo":{"@type":"GeoCoordinates","latitude":"41.05919","longitude":"28.71186"},"telephone":["0212 999 44 69"],"contactPoint":{"@type":"ContactPoint","telephone":"+905336223598","email":"can@aviexproduction.com"},"openingHoursSpecification":[{"@type":"OpeningHoursSpecification","dayOfWeek":["Monday","Tuesday","Wednesday","Thursday","Friday","Saturday","Sunday"],"opens":"09:00","closes":"19:00"}],"email":"info@aviexproduction.com","areaServed":"T\u00fcrkiye","vatID":"1061521882","globalLocationNumber":"+90","priceRange":"$","currenciesAccepted":"TL"},{"@type":"PostalAddress","@id":"https:\/\/www.aviexproduction.com\/en\/about-us\/#local-main-place-address","streetAddress":"Tahtakale, Ispartakule Blv T10","addressLocality":"istanbul","postalCode":"34325","addressRegion":"Avc\u0131lar","addressCountry":"TR"},{"@type":"ImageObject","inLanguage":"en-US","@id":"https:\/\/www.aviexproduction.com\/en\/about-us\/#local-main-organization-logo","url":"https:\/\/www.aviexproduction.com\/wp-content\/uploads\/2024\/12\/Aviex-Teknik-Produksiyon-Logo-600-600.png","contentUrl":"https:\/\/www.aviexproduction.com\/wp-content\/uploads\/2024\/12\/Aviex-Teknik-Produksiyon-Logo-600-600.png","width":1667,"height":1667,"caption":"Aviex Prod\u00fcksiyon ve Dan\u0131\u015fmanl\u0131k Hizmetleri Limited \u015eirketi"}]},"geo.placename":"istanbul","geo.position":{"lat":"41.05919","long":"28.71186"},"geo.region":"Turkey"},"_links":{"self":[{"href":"https:\/\/www.aviexproduction.com\/en\/wp-json\/wp\/v2\/pages\/3283","targetHints":{"allow":["GET"]}}],"collection":[{"href":"https:\/\/www.aviexproduction.com\/en\/wp-json\/wp\/v2\/pages"}],"about":[{"href":"https:\/\/www.aviexproduction.com\/en\/wp-json\/wp\/v2\/types\/page"}],"author":[{"embeddable":true,"href":"https:\/\/www.aviexproduction.com\/en\/wp-json\/wp\/v2\/users\/1"}],"replies":[{"embeddable":true,"href":"https:\/\/www.aviexproduction.com\/en\/wp-json\/wp\/v2\/comments?post=3283"}],"version-history":[{"count":2,"href":"https:\/\/www.aviexproduction.com\/en\/wp-json\/wp\/v2\/pages\/3283\/revisions"}],"predecessor-version":[{"id":5188,"href":"https:\/\/www.aviexproduction.com\/en\/wp-json\/wp\/v2\/pages\/3283\/revisions\/5188"}],"wp:attachment":[{"href":"https:\/\/www.aviexproduction.com\/en\/wp-json\/wp\/v2\/media?parent=3283"}],"curies":[{"name":"wp","href":"https:\/\/api.w.org\/{rel}","templated":true}]}}