{"id":3277,"date":"2025-01-23T23:17:13","date_gmt":"2025-01-23T20:17:13","guid":{"rendered":"https:\/\/www.aviexproduction.com\/cookie-policy\/"},"modified":"2025-02-28T11:15:09","modified_gmt":"2025-02-28T08:15:09","slug":"cookie-policy","status":"publish","type":"page","link":"https:\/\/www.aviexproduction.com\/en\/cookie-policy\/","title":{"rendered":"Cookie Policy"},"content":{"rendered":"\t\t<div data-elementor-type=\"wp-page\" data-elementor-id=\"3277\" class=\"elementor elementor-3277 elementor-2673\" data-elementor-post-type=\"page\">\n\t\t\t\t\t\t<section class=\"elementor-section elementor-top-section elementor-element elementor-element-4cdf626 elementor-reverse-tablet elementor-reverse-mobile_extra elementor-reverse-mobile elementor-section-boxed elementor-section-height-default elementor-section-height-default\" data-id=\"4cdf626\" data-element_type=\"section\" data-e-type=\"section\" data-settings=\"{&quot;wdt_bg_image&quot;:{&quot;url&quot;:&quot;&quot;,&quot;id&quot;:&quot;&quot;,&quot;size&quot;:&quot;&quot;},&quot;wdt_bg_image_widescreen&quot;:{&quot;url&quot;:&quot;&quot;,&quot;id&quot;:&quot;&quot;,&quot;size&quot;:&quot;&quot;},&quot;wdt_bg_image_laptop&quot;:{&quot;url&quot;:&quot;&quot;,&quot;id&quot;:&quot;&quot;,&quot;size&quot;:&quot;&quot;},&quot;wdt_bg_image_tablet_extra&quot;:{&quot;url&quot;:&quot;&quot;,&quot;id&quot;:&quot;&quot;,&quot;size&quot;:&quot;&quot;},&quot;wdt_bg_image_tablet&quot;:{&quot;url&quot;:&quot;&quot;,&quot;id&quot;:&quot;&quot;,&quot;size&quot;:&quot;&quot;},&quot;wdt_bg_image_mobile_extra&quot;:{&quot;url&quot;:&quot;&quot;,&quot;id&quot;:&quot;&quot;,&quot;size&quot;:&quot;&quot;},&quot;wdt_bg_image_mobile&quot;:{&quot;url&quot;:&quot;&quot;,&quot;id&quot;:&quot;&quot;,&quot;size&quot;:&quot;&quot;},&quot;wdt_bg_position&quot;:&quot;center center&quot;,&quot;wdt_animation_effect&quot;:&quot;none&quot;}\">\n\t\t\t\t\t\t<div class=\"elementor-container elementor-column-gap-no\">\n\t\t\t\t\t<div class=\"elementor-column elementor-col-100 elementor-top-column elementor-element elementor-element-8206844\" data-id=\"8206844\" data-element_type=\"column\" data-e-type=\"column\">\n\t\t\t<div class=\"elementor-widget-wrap elementor-element-populated\">\n\t\t\t\t\t\t<section class=\"elementor-section elementor-inner-section elementor-element elementor-element-ae6eb2c elementor-section-full_width elementor-section-height-default elementor-section-height-default\" data-id=\"ae6eb2c\" data-element_type=\"section\" data-e-type=\"section\" data-settings=\"{&quot;wdt_bg_image&quot;:{&quot;url&quot;:&quot;&quot;,&quot;id&quot;:&quot;&quot;,&quot;size&quot;:&quot;&quot;},&quot;wdt_bg_image_widescreen&quot;:{&quot;url&quot;:&quot;&quot;,&quot;id&quot;:&quot;&quot;,&quot;size&quot;:&quot;&quot;},&quot;wdt_bg_image_laptop&quot;:{&quot;url&quot;:&quot;&quot;,&quot;id&quot;:&quot;&quot;,&quot;size&quot;:&quot;&quot;},&quot;wdt_bg_image_tablet_extra&quot;:{&quot;url&quot;:&quot;&quot;,&quot;id&quot;:&quot;&quot;,&quot;size&quot;:&quot;&quot;},&quot;wdt_bg_image_tablet&quot;:{&quot;url&quot;:&quot;&quot;,&quot;id&quot;:&quot;&quot;,&quot;size&quot;:&quot;&quot;},&quot;wdt_bg_image_mobile_extra&quot;:{&quot;url&quot;:&quot;&quot;,&quot;id&quot;:&quot;&quot;,&quot;size&quot;:&quot;&quot;},&quot;wdt_bg_image_mobile&quot;:{&quot;url&quot;:&quot;&quot;,&quot;id&quot;:&quot;&quot;,&quot;size&quot;:&quot;&quot;},&quot;wdt_bg_position&quot;:&quot;center center&quot;,&quot;wdt_animation_effect&quot;:&quot;none&quot;}\">\n\t\t\t\t\t\t<div class=\"elementor-container elementor-column-gap-no\">\n\t\t\t\t\t<div class=\"elementor-column elementor-col-100 elementor-inner-column elementor-element elementor-element-9a76036\" data-id=\"9a76036\" data-element_type=\"column\" data-e-type=\"column\">\n\t\t\t<div class=\"elementor-widget-wrap elementor-element-populated\">\n\t\t\t\t\t\t<div class=\"elementor-element elementor-element-1c065a5 start wdt-custom-common-heading-subtitle-type-2 animated-fast before-after-title elementor-invisible elementor-widget elementor-widget-wdt-heading\" data-id=\"1c065a5\" data-element_type=\"widget\" data-e-type=\"widget\" data-settings=\"{&quot;_animation&quot;:&quot;fadeInRight&quot;,&quot;_animation_delay&quot;:100,&quot;wdt_animation_effect&quot;:&quot;none&quot;}\" data-widget_type=\"wdt-heading.default\">\n\t\t\t\t<div class=\"elementor-widget-container\">\n\t\t\t\t\t<div class=\"wdt-heading-holder \" id=\"wdt-heading-1c065a5\"><div class=\"wdt-heading-subtitle-wrapper wdt-heading-align-center wdt-heading-deco-wrapper\"><span class=\"wdt-heading-subtitle\"><span class=\"wdt-heading-deco-inner wdt-left-part\"><span class=\"wdt-heading-deco-icon\"><span class=\"wdt-content-icon-wrapper\"><span class=\"wdt-content-icon\"><span><i aria-hidden=\"true\" class=\"fas fa-circle\"><\/i><\/span><\/span><\/span><\/span><\/span>Aviex Production<span class=\"wdt-heading-deco-inner wdt-right-part\"><span class=\"wdt-heading-deco-icon\"><span class=\"wdt-content-icon-wrapper\"><span class=\"wdt-content-icon\"><span><i aria-hidden=\"true\" class=\"fas fa-circle\"><\/i><\/span><\/span><\/span><\/span><\/span><\/span><\/div><\/div>\t\t\t\t<\/div>\n\t\t\t\t<\/div>\n\t\t\t\t<div class=\"elementor-element elementor-element-52a743a wdt-custom-common-heading-title elementor-widget elementor-widget-qi_addons_for_elementor_animated_text\" data-id=\"52a743a\" data-element_type=\"widget\" data-e-type=\"widget\" data-settings=\"{&quot;wdt_animation_effect&quot;:&quot;none&quot;}\" data-widget_type=\"qi_addons_for_elementor_animated_text.default\">\n\t\t\t\t<div class=\"elementor-widget-container\">\n\t\t\t\t\t<div class=\"qodef-shortcode qodef-m qodef-qi-animated-text qodef--alignment-left qodef-qi--has-appear qodef--appear-from-right\" >\n\t\t<h1 class=\"qodef-m-title\">\n\t\tCookie Policy\t<\/h1>\n<\/div>\n\t\t\t\t<\/div>\n\t\t\t\t<\/div>\n\t\t\t\t<div class=\"elementor-element elementor-element-a0d0d1d elementor-widget__width-initial elementor-widget-tablet__width-inherit elementor-widget elementor-widget-text-editor\" data-id=\"a0d0d1d\" data-element_type=\"widget\" data-e-type=\"widget\" data-settings=\"{&quot;wdt_animation_effect&quot;:&quot;none&quot;}\" data-widget_type=\"text-editor.default\">\n\t\t\t\t<div class=\"elementor-widget-container\">\n\t\t\t\t\t\t\t\t\t<div class=\"cookie-policy\"><h4>1. Introduction<\/h4><p>This cookie policy has been prepared to provide information about the cookies used on the website offered by Aviex Prod\u00fcksiyon ve Dan\u0131\u015fmanl\u0131k Hizmetleri Limited \u015eirketi (hereinafter referred to as the &#8220;Company&#8221;). Cookies are small data files stored on users&#8217; devices through their browsers when they visit our website. <\/p><h4>2. Purposes of Use of Cookies<\/h4><p>The Company uses cookies for the following purposes:<\/p><ul><li>Functionality of the Website: To ensure the proper functioning of our website.<\/li><li>User Experience: Remembering users&#8217; preferences and personalizing the experience.<\/li><li>Analytics: Analyzing user behavior and improving the performance of our website.<\/li><li>Marketing: Optimizing advertising and campaign processes for users.<\/li><\/ul><h4>3. Types of Cookies Used<\/h4><p>The following types of cookies are used on our website:<\/p><ul><li><strong>Strictly Necessary Cookies:<\/strong> Cookies that are essential to fulfill the basic functions of our website.<\/li><li><strong>Performance Cookies:<\/strong> Cookies used to analyze the performance of the website.<\/li><li><strong>Functional Cookies:<\/strong> Cookies that improve the user experience and remember preferences.<\/li><li><strong>Targeting Cookies:<\/strong> Cookies used to deliver customized advertisements to users.<\/li><\/ul><h4>4. Cookie Management<\/h4><p>Users can manage or disable cookies in their browser settings. However, disabling cookies may cause some features of the website not to function properly. <\/p><h4>5. Third Party Cookies<\/h4><p>Third party cookies are also used on our website. These cookies are used to analyze user behavior, in particular through tools such as Google Analytics and Google Tag Manager. For more information about third-party cookies, it is recommended to consult the privacy policies of the relevant third parties.  <\/p><h4>6. User Rights<\/h4><p>Users have the following rights regarding cookies:<\/p><ul><li>Refusing the Use of Cookies: Users have the right to refuse the use of cookies.<\/li><li>Changing Cookie Settings: It has the right to change cookie preferences from browser settings.<\/li><\/ul><h4>7. Communication<\/h4><p>Our contact channels for any questions or requests regarding this cookie policy:<\/p><ul><li>E-mail: info@aviexproduction.com<\/li><li>Telephone: 0212 999 44 69<\/li><li>Contact Form: <a href=\"https:\/\/www.aviexproduction.com\/en\/contact\/\">Contact<\/a><\/li><\/ul><h4>8. Amendments<\/h4><p>This cookie policy may be updated from time to time. Changes will be effective from the date of publication on the Company&#8217;s website. Users are obliged to follow the changes.  <\/p><\/div>\t\t\t\t\t\t\t\t<\/div>\n\t\t\t\t<\/div>\n\t\t\t\t\t<\/div>\n\t\t<\/div>\n\t\t\t\t\t<\/div>\n\t\t<\/section>\n\t\t\t\t\t<\/div>\n\t\t<\/div>\n\t\t\t\t\t<\/div>\n\t\t<\/section>\n\t\t\t\t<\/div>\n\t\t","protected":false},"excerpt":{"rendered":"<p>Aviex Production Cookie Policy 1. Introduction This cookie policy has been prepared to provide information about the cookies used on the website offered by Aviex Prod\u00fcksiyon ve Dan\u0131\u015fmanl\u0131k Hizmetleri Limited \u015eirketi (hereinafter referred to as the &#8220;Company&#8221;). Cookies are small data files stored on users&#8217; devices through their browsers when they visit our website. 2. [&hellip;]<\/p>\n","protected":false},"author":1,"featured_media":0,"parent":0,"menu_order":0,"comment_status":"closed","ping_status":"closed","template":"","meta":{"footnotes":""},"class_list":["post-3277","page","type-page","status-publish","hentry"],"yoast_head":"<!-- This site is optimized with the Yoast SEO Premium plugin v27.3 (Yoast SEO v27.4) - https:\/\/yoast.com\/product\/yoast-seo-premium-wordpress\/ -->\n<title>Cookie Policy | Aviex Prod\u00fcksiyon<\/title>\n<meta name=\"description\" content=\"Get detailed information about Aviex Prod\u00fcksiyon&#039;s cookie policy. Discover how we use cookies to improve the user experience on our website and enhance our services. Click for more information\" \/>\n<meta name=\"robots\" content=\"index, follow, max-snippet:-1, max-image-preview:large, max-video-preview:-1\" \/>\n<link rel=\"canonical\" href=\"https:\/\/www.aviexproduction.com\/en\/cookie-policy\/\" \/>\n<meta property=\"og:locale\" content=\"en_US\" \/>\n<meta property=\"og:type\" content=\"article\" \/>\n<meta property=\"og:title\" content=\"Cookie Policy\" \/>\n<meta property=\"og:description\" content=\"Get detailed information about Aviex Prod\u00fcksiyon&#039;s cookie policy. Discover how we use cookies to improve the user experience on our website and enhance our services. Click for more information\" \/>\n<meta property=\"og:url\" content=\"https:\/\/www.aviexproduction.com\/en\/cookie-policy\/\" \/>\n<meta property=\"og:site_name\" content=\"Aviex Prod\u00fcksiyon\" \/>\n<meta property=\"article:modified_time\" content=\"2025-02-28T08:15:09+00:00\" \/>\n<meta property=\"og:image\" content=\"https:\/\/www.aviexproduction.com\/wp-content\/uploads\/2024\/12\/Aviex-Teknik-Produksiyon-Logo-yoast.png\" \/>\n\t<meta property=\"og:image:width\" content=\"1200\" \/>\n\t<meta property=\"og:image:height\" content=\"675\" \/>\n\t<meta property=\"og:image:type\" content=\"image\/png\" \/>\n<meta name=\"twitter:card\" content=\"summary_large_image\" \/>\n<meta name=\"twitter:label1\" content=\"Est. reading time\" \/>\n\t<meta name=\"twitter:data1\" content=\"2 minutes\" \/>\n<script type=\"application\/ld+json\" class=\"yoast-schema-graph\">{\"@context\":\"https:\\\/\\\/schema.org\",\"@graph\":[{\"@type\":\"WebPage\",\"@id\":\"https:\\\/\\\/www.aviexproduction.com\\\/en\\\/cookie-policy\\\/\",\"url\":\"https:\\\/\\\/www.aviexproduction.com\\\/en\\\/cookie-policy\\\/\",\"name\":\"Cookie Policy | Aviex Prod\u00fcksiyon\",\"isPartOf\":{\"@id\":\"https:\\\/\\\/www.aviexproduction.com\\\/en\\\/#website\"},\"datePublished\":\"2025-01-23T20:17:13+00:00\",\"dateModified\":\"2025-02-28T08:15:09+00:00\",\"description\":\"Get detailed information about Aviex Prod\u00fcksiyon's cookie policy. Discover how we use cookies to improve the user experience on our website and enhance our services. Click for more information\",\"breadcrumb\":{\"@id\":\"https:\\\/\\\/www.aviexproduction.com\\\/en\\\/cookie-policy\\\/#breadcrumb\"},\"inLanguage\":\"en-US\",\"potentialAction\":[{\"@type\":\"ReadAction\",\"target\":[\"https:\\\/\\\/www.aviexproduction.com\\\/en\\\/cookie-policy\\\/\"]}]},{\"@type\":\"BreadcrumbList\",\"@id\":\"https:\\\/\\\/www.aviexproduction.com\\\/en\\\/cookie-policy\\\/#breadcrumb\",\"itemListElement\":[{\"@type\":\"ListItem\",\"position\":1,\"name\":\"Anasayfa\",\"item\":\"https:\\\/\\\/www.aviexproduction.com\\\/en\\\/home-page\\\/\"},{\"@type\":\"ListItem\",\"position\":2,\"name\":\"Cookie Policy\"}]},{\"@type\":\"WebSite\",\"@id\":\"https:\\\/\\\/www.aviexproduction.com\\\/en\\\/#website\",\"url\":\"https:\\\/\\\/www.aviexproduction.com\\\/en\\\/\",\"name\":\"Aviex Prod\u00fcksiyon\",\"description\":\"Teknik Prod\u00fcksiyon Ekipman Kiralama\",\"publisher\":{\"@id\":\"https:\\\/\\\/www.aviexproduction.com\\\/en\\\/#organization\"},\"alternateName\":\"aviex\",\"potentialAction\":[{\"@type\":\"SearchAction\",\"target\":{\"@type\":\"EntryPoint\",\"urlTemplate\":\"https:\\\/\\\/www.aviexproduction.com\\\/en\\\/?s={search_term_string}\"},\"query-input\":{\"@type\":\"PropertyValueSpecification\",\"valueRequired\":true,\"valueName\":\"search_term_string\"}}],\"inLanguage\":\"en-US\"},{\"@type\":[\"Organization\",\"Place\",\"ProfessionalService\"],\"@id\":\"https:\\\/\\\/www.aviexproduction.com\\\/en\\\/#organization\",\"name\":\"Aviex Prod\u00fcksiyon ve Dan\u0131\u015fmanl\u0131k Hizmetleri Limited \u015eirketi\",\"alternateName\":\"Aviex Prod\u00fcksiyon\",\"url\":\"https:\\\/\\\/www.aviexproduction.com\\\/en\\\/\",\"logo\":{\"@id\":\"https:\\\/\\\/www.aviexproduction.com\\\/en\\\/cookie-policy\\\/#local-main-organization-logo\"},\"image\":{\"@id\":\"https:\\\/\\\/www.aviexproduction.com\\\/en\\\/cookie-policy\\\/#local-main-organization-logo\"},\"sameAs\":[\"https:\\\/\\\/www.instagram.com\\\/aviexproduction\\\/\"],\"description\":\"Aviex Prod\u00fcksiyon, teknik prod\u00fcksiyon, profesyonel kamera kiralama, LED ekran \u00e7\u00f6z\u00fcmleri, ses ve \u0131\u015f\u0131k sistemleri, sahne ve dekor kurulumu ile canl\u0131 yay\u0131n hizmetlerinde kapsaml\u0131 \u00e7\u00f6z\u00fcmler sunmaktad\u0131r.\",\"legalName\":\"Aviex Prod\u00fcksiyon ve Dan\u0131\u015fmanl\u0131k Hizmetleri Limited \u015eirketi\",\"foundingDate\":\"2023-01-09\",\"numberOfEmployees\":{\"@type\":\"QuantitativeValue\",\"minValue\":\"1\",\"maxValue\":\"10\"},\"ownershipFundingInfo\":\"https:\\\/\\\/www.aviexproduction.com\\\/\",\"correctionsPolicy\":\"https:\\\/\\\/www.aviexproduction.com\\\/kvkk\\\/\",\"ethicsPolicy\":\"https:\\\/\\\/www.aviexproduction.com\\\/cerez-politikasi\\\/\",\"address\":{\"@id\":\"https:\\\/\\\/www.aviexproduction.com\\\/en\\\/cookie-policy\\\/#local-main-place-address\"},\"geo\":{\"@type\":\"GeoCoordinates\",\"latitude\":\"41.05919\",\"longitude\":\"28.71186\"},\"telephone\":[\"0212 999 44 69\"],\"contactPoint\":{\"@type\":\"ContactPoint\",\"telephone\":\"+905336223598\",\"email\":\"can@aviexproduction.com\"},\"openingHoursSpecification\":[{\"@type\":\"OpeningHoursSpecification\",\"dayOfWeek\":[\"Monday\",\"Tuesday\",\"Wednesday\",\"Thursday\",\"Friday\",\"Saturday\",\"Sunday\"],\"opens\":\"09:00\",\"closes\":\"19:00\"}],\"email\":\"info@aviexproduction.com\",\"areaServed\":\"T\u00fcrkiye\",\"vatID\":\"1061521882\",\"globalLocationNumber\":\"+90\",\"priceRange\":\"$\",\"currenciesAccepted\":\"TL\"},{\"@type\":\"PostalAddress\",\"@id\":\"https:\\\/\\\/www.aviexproduction.com\\\/en\\\/cookie-policy\\\/#local-main-place-address\",\"streetAddress\":\"Tahtakale, Ispartakule Blv T10\",\"addressLocality\":\"istanbul\",\"postalCode\":\"34325\",\"addressRegion\":\"Avc\u0131lar\",\"addressCountry\":\"TR\"},{\"@type\":\"ImageObject\",\"inLanguage\":\"en-US\",\"@id\":\"https:\\\/\\\/www.aviexproduction.com\\\/en\\\/cookie-policy\\\/#local-main-organization-logo\",\"url\":\"https:\\\/\\\/www.aviexproduction.com\\\/wp-content\\\/uploads\\\/2024\\\/12\\\/Aviex-Teknik-Produksiyon-Logo-600-600.png\",\"contentUrl\":\"https:\\\/\\\/www.aviexproduction.com\\\/wp-content\\\/uploads\\\/2024\\\/12\\\/Aviex-Teknik-Produksiyon-Logo-600-600.png\",\"width\":1667,\"height\":1667,\"caption\":\"Aviex Prod\u00fcksiyon ve Dan\u0131\u015fmanl\u0131k Hizmetleri Limited \u015eirketi\"}]}<\/script>\n<meta name=\"geo.placename\" content=\"istanbul\" \/>\n<meta name=\"geo.position\" content=\"41.05919;28.71186\" \/>\n<meta name=\"geo.region\" content=\"Turkey\" \/>\n<!-- \/ Yoast SEO Premium plugin. -->","yoast_head_json":{"title":"Cookie Policy | Aviex Prod\u00fcksiyon","description":"Get detailed information about Aviex Prod\u00fcksiyon's cookie policy. Discover how we use cookies to improve the user experience on our website and enhance our services. Click for more information","robots":{"index":"index","follow":"follow","max-snippet":"max-snippet:-1","max-image-preview":"max-image-preview:large","max-video-preview":"max-video-preview:-1"},"canonical":"https:\/\/www.aviexproduction.com\/en\/cookie-policy\/","og_locale":"en_US","og_type":"article","og_title":"Cookie Policy","og_description":"Get detailed information about Aviex Prod\u00fcksiyon's cookie policy. Discover how we use cookies to improve the user experience on our website and enhance our services. Click for more information","og_url":"https:\/\/www.aviexproduction.com\/en\/cookie-policy\/","og_site_name":"Aviex Prod\u00fcksiyon","article_modified_time":"2025-02-28T08:15:09+00:00","og_image":[{"width":1200,"height":675,"url":"https:\/\/www.aviexproduction.com\/wp-content\/uploads\/2024\/12\/Aviex-Teknik-Produksiyon-Logo-yoast.png","type":"image\/png"}],"twitter_card":"summary_large_image","twitter_misc":{"Est. reading time":"2 minutes"},"schema":{"@context":"https:\/\/schema.org","@graph":[{"@type":"WebPage","@id":"https:\/\/www.aviexproduction.com\/en\/cookie-policy\/","url":"https:\/\/www.aviexproduction.com\/en\/cookie-policy\/","name":"Cookie Policy | Aviex Prod\u00fcksiyon","isPartOf":{"@id":"https:\/\/www.aviexproduction.com\/en\/#website"},"datePublished":"2025-01-23T20:17:13+00:00","dateModified":"2025-02-28T08:15:09+00:00","description":"Get detailed information about Aviex Prod\u00fcksiyon's cookie policy. Discover how we use cookies to improve the user experience on our website and enhance our services. Click for more information","breadcrumb":{"@id":"https:\/\/www.aviexproduction.com\/en\/cookie-policy\/#breadcrumb"},"inLanguage":"en-US","potentialAction":[{"@type":"ReadAction","target":["https:\/\/www.aviexproduction.com\/en\/cookie-policy\/"]}]},{"@type":"BreadcrumbList","@id":"https:\/\/www.aviexproduction.com\/en\/cookie-policy\/#breadcrumb","itemListElement":[{"@type":"ListItem","position":1,"name":"Anasayfa","item":"https:\/\/www.aviexproduction.com\/en\/home-page\/"},{"@type":"ListItem","position":2,"name":"Cookie Policy"}]},{"@type":"WebSite","@id":"https:\/\/www.aviexproduction.com\/en\/#website","url":"https:\/\/www.aviexproduction.com\/en\/","name":"Aviex Prod\u00fcksiyon","description":"Teknik Prod\u00fcksiyon Ekipman Kiralama","publisher":{"@id":"https:\/\/www.aviexproduction.com\/en\/#organization"},"alternateName":"aviex","potentialAction":[{"@type":"SearchAction","target":{"@type":"EntryPoint","urlTemplate":"https:\/\/www.aviexproduction.com\/en\/?s={search_term_string}"},"query-input":{"@type":"PropertyValueSpecification","valueRequired":true,"valueName":"search_term_string"}}],"inLanguage":"en-US"},{"@type":["Organization","Place","ProfessionalService"],"@id":"https:\/\/www.aviexproduction.com\/en\/#organization","name":"Aviex Prod\u00fcksiyon ve Dan\u0131\u015fmanl\u0131k Hizmetleri Limited \u015eirketi","alternateName":"Aviex Prod\u00fcksiyon","url":"https:\/\/www.aviexproduction.com\/en\/","logo":{"@id":"https:\/\/www.aviexproduction.com\/en\/cookie-policy\/#local-main-organization-logo"},"image":{"@id":"https:\/\/www.aviexproduction.com\/en\/cookie-policy\/#local-main-organization-logo"},"sameAs":["https:\/\/www.instagram.com\/aviexproduction\/"],"description":"Aviex Prod\u00fcksiyon, teknik prod\u00fcksiyon, profesyonel kamera kiralama, LED ekran \u00e7\u00f6z\u00fcmleri, ses ve \u0131\u015f\u0131k sistemleri, sahne ve dekor kurulumu ile canl\u0131 yay\u0131n hizmetlerinde kapsaml\u0131 \u00e7\u00f6z\u00fcmler sunmaktad\u0131r.","legalName":"Aviex Prod\u00fcksiyon ve Dan\u0131\u015fmanl\u0131k Hizmetleri Limited \u015eirketi","foundingDate":"2023-01-09","numberOfEmployees":{"@type":"QuantitativeValue","minValue":"1","maxValue":"10"},"ownershipFundingInfo":"https:\/\/www.aviexproduction.com\/","correctionsPolicy":"https:\/\/www.aviexproduction.com\/kvkk\/","ethicsPolicy":"https:\/\/www.aviexproduction.com\/cerez-politikasi\/","address":{"@id":"https:\/\/www.aviexproduction.com\/en\/cookie-policy\/#local-main-place-address"},"geo":{"@type":"GeoCoordinates","latitude":"41.05919","longitude":"28.71186"},"telephone":["0212 999 44 69"],"contactPoint":{"@type":"ContactPoint","telephone":"+905336223598","email":"can@aviexproduction.com"},"openingHoursSpecification":[{"@type":"OpeningHoursSpecification","dayOfWeek":["Monday","Tuesday","Wednesday","Thursday","Friday","Saturday","Sunday"],"opens":"09:00","closes":"19:00"}],"email":"info@aviexproduction.com","areaServed":"T\u00fcrkiye","vatID":"1061521882","globalLocationNumber":"+90","priceRange":"$","currenciesAccepted":"TL"},{"@type":"PostalAddress","@id":"https:\/\/www.aviexproduction.com\/en\/cookie-policy\/#local-main-place-address","streetAddress":"Tahtakale, Ispartakule Blv T10","addressLocality":"istanbul","postalCode":"34325","addressRegion":"Avc\u0131lar","addressCountry":"TR"},{"@type":"ImageObject","inLanguage":"en-US","@id":"https:\/\/www.aviexproduction.com\/en\/cookie-policy\/#local-main-organization-logo","url":"https:\/\/www.aviexproduction.com\/wp-content\/uploads\/2024\/12\/Aviex-Teknik-Produksiyon-Logo-600-600.png","contentUrl":"https:\/\/www.aviexproduction.com\/wp-content\/uploads\/2024\/12\/Aviex-Teknik-Produksiyon-Logo-600-600.png","width":1667,"height":1667,"caption":"Aviex Prod\u00fcksiyon ve Dan\u0131\u015fmanl\u0131k Hizmetleri Limited \u015eirketi"}]},"geo.placename":"istanbul","geo.position":{"lat":"41.05919","long":"28.71186"},"geo.region":"Turkey"},"_links":{"self":[{"href":"https:\/\/www.aviexproduction.com\/en\/wp-json\/wp\/v2\/pages\/3277","targetHints":{"allow":["GET"]}}],"collection":[{"href":"https:\/\/www.aviexproduction.com\/en\/wp-json\/wp\/v2\/pages"}],"about":[{"href":"https:\/\/www.aviexproduction.com\/en\/wp-json\/wp\/v2\/types\/page"}],"author":[{"embeddable":true,"href":"https:\/\/www.aviexproduction.com\/en\/wp-json\/wp\/v2\/users\/1"}],"replies":[{"embeddable":true,"href":"https:\/\/www.aviexproduction.com\/en\/wp-json\/wp\/v2\/comments?post=3277"}],"version-history":[{"count":0,"href":"https:\/\/www.aviexproduction.com\/en\/wp-json\/wp\/v2\/pages\/3277\/revisions"}],"wp:attachment":[{"href":"https:\/\/www.aviexproduction.com\/en\/wp-json\/wp\/v2\/media?parent=3277"}],"curies":[{"name":"wp","href":"https:\/\/api.w.org\/{rel}","templated":true}]}}