{"id":3273,"date":"2024-12-10T17:40:51","date_gmt":"2024-12-10T14:40:51","guid":{"rendered":"https:\/\/www.aviexproduction.com\/privacy-policy\/"},"modified":"2025-01-14T22:04:30","modified_gmt":"2025-01-14T19:04:30","slug":"privacy-policy","status":"publish","type":"page","link":"https:\/\/www.aviexproduction.com\/en\/privacy-policy\/","title":{"rendered":"Privacy Policy"},"content":{"rendered":"\t\t<div data-elementor-type=\"wp-page\" data-elementor-id=\"3273\" class=\"elementor elementor-3273 elementor-2681\" data-elementor-post-type=\"page\">\n\t\t\t\t\t\t<section class=\"elementor-section elementor-top-section elementor-element elementor-element-b37ace1 elementor-reverse-tablet elementor-reverse-mobile_extra elementor-reverse-mobile elementor-section-boxed elementor-section-height-default elementor-section-height-default\" data-id=\"b37ace1\" data-element_type=\"section\" data-e-type=\"section\" data-settings=\"{&quot;wdt_bg_image&quot;:{&quot;url&quot;:&quot;&quot;,&quot;id&quot;:&quot;&quot;,&quot;size&quot;:&quot;&quot;},&quot;wdt_bg_image_widescreen&quot;:{&quot;url&quot;:&quot;&quot;,&quot;id&quot;:&quot;&quot;,&quot;size&quot;:&quot;&quot;},&quot;wdt_bg_image_laptop&quot;:{&quot;url&quot;:&quot;&quot;,&quot;id&quot;:&quot;&quot;,&quot;size&quot;:&quot;&quot;},&quot;wdt_bg_image_tablet_extra&quot;:{&quot;url&quot;:&quot;&quot;,&quot;id&quot;:&quot;&quot;,&quot;size&quot;:&quot;&quot;},&quot;wdt_bg_image_tablet&quot;:{&quot;url&quot;:&quot;&quot;,&quot;id&quot;:&quot;&quot;,&quot;size&quot;:&quot;&quot;},&quot;wdt_bg_image_mobile_extra&quot;:{&quot;url&quot;:&quot;&quot;,&quot;id&quot;:&quot;&quot;,&quot;size&quot;:&quot;&quot;},&quot;wdt_bg_image_mobile&quot;:{&quot;url&quot;:&quot;&quot;,&quot;id&quot;:&quot;&quot;,&quot;size&quot;:&quot;&quot;},&quot;wdt_bg_position&quot;:&quot;center center&quot;,&quot;wdt_animation_effect&quot;:&quot;none&quot;}\">\n\t\t\t\t\t\t<div class=\"elementor-container elementor-column-gap-no\">\n\t\t\t\t\t<div class=\"elementor-column elementor-col-100 elementor-top-column elementor-element elementor-element-2e047f0\" data-id=\"2e047f0\" data-element_type=\"column\" data-e-type=\"column\">\n\t\t\t<div class=\"elementor-widget-wrap elementor-element-populated\">\n\t\t\t\t\t\t<section class=\"elementor-section elementor-inner-section elementor-element elementor-element-9890b80 elementor-section-full_width elementor-section-height-default elementor-section-height-default\" data-id=\"9890b80\" data-element_type=\"section\" data-e-type=\"section\" data-settings=\"{&quot;wdt_bg_image&quot;:{&quot;url&quot;:&quot;&quot;,&quot;id&quot;:&quot;&quot;,&quot;size&quot;:&quot;&quot;},&quot;wdt_bg_image_widescreen&quot;:{&quot;url&quot;:&quot;&quot;,&quot;id&quot;:&quot;&quot;,&quot;size&quot;:&quot;&quot;},&quot;wdt_bg_image_laptop&quot;:{&quot;url&quot;:&quot;&quot;,&quot;id&quot;:&quot;&quot;,&quot;size&quot;:&quot;&quot;},&quot;wdt_bg_image_tablet_extra&quot;:{&quot;url&quot;:&quot;&quot;,&quot;id&quot;:&quot;&quot;,&quot;size&quot;:&quot;&quot;},&quot;wdt_bg_image_tablet&quot;:{&quot;url&quot;:&quot;&quot;,&quot;id&quot;:&quot;&quot;,&quot;size&quot;:&quot;&quot;},&quot;wdt_bg_image_mobile_extra&quot;:{&quot;url&quot;:&quot;&quot;,&quot;id&quot;:&quot;&quot;,&quot;size&quot;:&quot;&quot;},&quot;wdt_bg_image_mobile&quot;:{&quot;url&quot;:&quot;&quot;,&quot;id&quot;:&quot;&quot;,&quot;size&quot;:&quot;&quot;},&quot;wdt_bg_position&quot;:&quot;center center&quot;,&quot;wdt_animation_effect&quot;:&quot;none&quot;}\">\n\t\t\t\t\t\t<div class=\"elementor-container elementor-column-gap-no\">\n\t\t\t\t\t<div class=\"elementor-column elementor-col-100 elementor-inner-column elementor-element elementor-element-1da4595\" data-id=\"1da4595\" data-element_type=\"column\" data-e-type=\"column\">\n\t\t\t<div class=\"elementor-widget-wrap elementor-element-populated\">\n\t\t\t\t\t\t<div class=\"elementor-element elementor-element-aa965a5 start wdt-custom-common-heading-subtitle-type-2 animated-fast before-after-title elementor-invisible elementor-widget elementor-widget-wdt-heading\" data-id=\"aa965a5\" data-element_type=\"widget\" data-e-type=\"widget\" data-settings=\"{&quot;_animation&quot;:&quot;fadeInRight&quot;,&quot;_animation_delay&quot;:100,&quot;wdt_animation_effect&quot;:&quot;none&quot;}\" data-widget_type=\"wdt-heading.default\">\n\t\t\t\t<div class=\"elementor-widget-container\">\n\t\t\t\t\t<div class=\"wdt-heading-holder \" id=\"wdt-heading-aa965a5\"><div class=\"wdt-heading-subtitle-wrapper wdt-heading-align-center wdt-heading-deco-wrapper\"><span class=\"wdt-heading-subtitle\"><span class=\"wdt-heading-deco-inner wdt-left-part\"><span class=\"wdt-heading-deco-icon\"><span class=\"wdt-content-icon-wrapper\"><span class=\"wdt-content-icon\"><span><i aria-hidden=\"true\" class=\"fas fa-circle\"><\/i><\/span><\/span><\/span><\/span><\/span>Aviex Production<span class=\"wdt-heading-deco-inner wdt-right-part\"><span class=\"wdt-heading-deco-icon\"><span class=\"wdt-content-icon-wrapper\"><span class=\"wdt-content-icon\"><span><i aria-hidden=\"true\" class=\"fas fa-circle\"><\/i><\/span><\/span><\/span><\/span><\/span><\/span><\/div><\/div>\t\t\t\t<\/div>\n\t\t\t\t<\/div>\n\t\t\t\t<div class=\"elementor-element elementor-element-4800c1f wdt-custom-common-heading-title elementor-widget elementor-widget-qi_addons_for_elementor_animated_text\" data-id=\"4800c1f\" data-element_type=\"widget\" data-e-type=\"widget\" data-settings=\"{&quot;wdt_animation_effect&quot;:&quot;none&quot;}\" data-widget_type=\"qi_addons_for_elementor_animated_text.default\">\n\t\t\t\t<div class=\"elementor-widget-container\">\n\t\t\t\t\t<div class=\"qodef-shortcode qodef-m qodef-qi-animated-text qodef--alignment-left qodef-qi--has-appear qodef--appear-from-right\" >\n\t\t<h1 class=\"qodef-m-title\">\n\t\tPrivacy Policy\t<\/h1>\n<\/div>\n\t\t\t\t<\/div>\n\t\t\t\t<\/div>\n\t\t\t\t<div class=\"elementor-element elementor-element-e66fac0 elementor-widget__width-initial elementor-widget-tablet__width-inherit elementor-widget elementor-widget-text-editor\" data-id=\"e66fac0\" data-element_type=\"widget\" data-e-type=\"widget\" data-settings=\"{&quot;wdt_animation_effect&quot;:&quot;none&quot;}\" data-widget_type=\"text-editor.default\">\n\t\t\t\t<div class=\"elementor-widget-container\">\n\t\t\t\t\t\t\t\t\t<div class=\"privacy-policy\">\n<h4>1. Introduction<\/h4>\n<p>This privacy policy explains how personal data collected through the services offered by Aviex Prod\u00fcksiyon ve Dan\u0131\u015fmanl\u0131k Hizmetleri Limited \u015eirketi (hereinafter referred to as the &#8220;Company&#8221;) is used, protected and shared. The Company attaches importance to the privacy of users and takes the necessary measures to ensure the protection of personal data. <\/p>\n<h4>2. Personal Data Collected<\/h4>\n<p>The Company may collect the following personal data:<\/p>\n<ul>\n<li>Name and Surname<\/li>\n<li>Email Address<\/li>\n<li>Telephone Number<\/li>\n<li>Address:<\/li>\n<li>IP Address<\/li>\n<li>Usage Data: Information such as login, clicks, navigation to the site.<\/li>\n<\/ul>\n<h4>3. Purposes of Use of Personal Data<\/h4>\n<p>The personal data collected may be used for the following purposes:<\/p>\n<ul>\n<li>Service Provision: Provision of technical production equipment rental and project management services.<\/li>\n<li>Marketing: Execution of advertising and campaign processes for users.<\/li>\n<li>Customer Relationship Management: Meeting customer demands and providing support.<\/li>\n<li>Legal Obligations: Fulfillment of legal requirements.<\/li>\n<li>Analytics and Reporting: Analyzing user behavior.<\/li>\n<\/ul>\n<h4>4. Protection of Personal Data<\/h4>\n<p>The Company takes the necessary technical and administrative measures to protect your personal data. This data is protected from unauthorized access, loss or misuse. <\/p>\n<h4>5. Data Sharing<\/h4>\n<p>Your personal data may be shared with business partners only in case of legal obligations or user consent. In addition, data may be shared with service providers, in which case these parties also have obligations to protect personal data. <\/p>\n<h4>6. Using Contact Form 7<\/h4>\n<p>Our website uses the Contact Form 7 plugin. The data submitted through this form will only be used for the purposes specified and will not be shared with third parties. By filling out the form, users agree to share their personal data.  <\/p>\n<h4>7. Google Tag Manager and Google Analytics<\/h4>\n<p>Google Tag Manager and Google Analytics are used on our website. These tools are used to analyze user behavior and improve the performance of our website. These tools collect anonymous data such as IP address. Users can disable cookies in their browser settings if they do not want this data to be collected.   <\/p>\n<h4>8. User Rights<\/h4>\n<p>Users have the following rights in relation to their personal data:<\/p>\n<ul>\n<li>Access to Data: The right to access personal data.<\/li>\n<li>Deletion of Data: Delete data on request.<\/li>\n<li>Update: Updating personal data.<\/li>\n<li>Restriction of Processing: The right to restrict the processing of data.<\/li>\n<li>Transfer of Data: The right to request the transfer of personal data to another organization.<\/li>\n<\/ul>\n<h4>9. Communication<\/h4>\n<p>Our contact channels for any questions or requests regarding this privacy policy:<\/p>\n<ul>\n<li>E-mail: info@aviexproduction.com<\/li>\n<li>Telephone: 0212 999 44 69<\/li>\n<li>Contact Form: <a href=\"https:\/\/www.aviexproduction.com\/en\/contact\/\">Contact<\/a><\/li>\n<\/ul>\n<h4>10. Amendments<\/h4>\n<p>This privacy policy may be updated from time to time. Changes will be effective from the date of their publication on the Company&#8217;s website. Users are obliged to follow the changes.  <\/p>\n<\/div>\n\t\t\t\t\t\t\t\t<\/div>\n\t\t\t\t<\/div>\n\t\t\t\t\t<\/div>\n\t\t<\/div>\n\t\t\t\t\t<\/div>\n\t\t<\/section>\n\t\t\t\t\t<\/div>\n\t\t<\/div>\n\t\t\t\t\t<\/div>\n\t\t<\/section>\n\t\t\t\t<\/div>\n\t\t","protected":false},"excerpt":{"rendered":"<p>Aviex Production Privacy Policy 1. Introduction This privacy policy explains how personal data collected through the services offered by Aviex Prod\u00fcksiyon ve Dan\u0131\u015fmanl\u0131k Hizmetleri Limited \u015eirketi (hereinafter referred to as the &#8220;Company&#8221;) is used, protected and shared. The Company attaches importance to the privacy of users and takes the necessary measures to ensure the protection [&hellip;]<\/p>\n","protected":false},"author":1,"featured_media":0,"parent":0,"menu_order":0,"comment_status":"closed","ping_status":"closed","template":"","meta":{"footnotes":""},"class_list":["post-3273","page","type-page","status-publish","hentry"],"yoast_head":"<!-- This site is optimized with the Yoast SEO Premium plugin v27.3 (Yoast SEO v27.4) - https:\/\/yoast.com\/product\/yoast-seo-premium-wordpress\/ -->\n<title>Aviex Production | Privacy Policy<\/title>\n<meta name=\"description\" content=\"Learn about our privacy policy. Find out how your personal data is protected by KVKK and how your privacy is ensured.\" \/>\n<meta name=\"robots\" content=\"index, follow, max-snippet:-1, max-image-preview:large, max-video-preview:-1\" \/>\n<link rel=\"canonical\" href=\"https:\/\/www.aviexproduction.com\/en\/privacy-policy\/\" \/>\n<meta property=\"og:locale\" content=\"en_US\" \/>\n<meta property=\"og:type\" content=\"article\" \/>\n<meta property=\"og:title\" content=\"Privacy Policy\" \/>\n<meta property=\"og:description\" content=\"Learn about our privacy policy. Find out how your personal data is protected by KVKK and how your privacy is ensured.\" \/>\n<meta property=\"og:url\" content=\"https:\/\/www.aviexproduction.com\/en\/privacy-policy\/\" \/>\n<meta property=\"og:site_name\" content=\"Aviex Prod\u00fcksiyon\" \/>\n<meta property=\"article:modified_time\" content=\"2025-01-14T19:04:30+00:00\" \/>\n<meta property=\"og:image\" content=\"https:\/\/www.aviexproduction.com\/wp-content\/uploads\/2024\/12\/Aviex-Teknik-Produksiyon-Logo-yoast.png\" \/>\n\t<meta property=\"og:image:width\" content=\"1200\" \/>\n\t<meta property=\"og:image:height\" content=\"675\" \/>\n\t<meta property=\"og:image:type\" content=\"image\/png\" \/>\n<meta name=\"twitter:card\" content=\"summary_large_image\" \/>\n<meta name=\"twitter:label1\" content=\"Est. reading time\" \/>\n\t<meta name=\"twitter:data1\" content=\"2 minutes\" \/>\n<script type=\"application\/ld+json\" class=\"yoast-schema-graph\">{\"@context\":\"https:\\\/\\\/schema.org\",\"@graph\":[{\"@type\":\"WebPage\",\"@id\":\"https:\\\/\\\/www.aviexproduction.com\\\/en\\\/privacy-policy\\\/\",\"url\":\"https:\\\/\\\/www.aviexproduction.com\\\/en\\\/privacy-policy\\\/\",\"name\":\"Aviex Production | Privacy Policy\",\"isPartOf\":{\"@id\":\"https:\\\/\\\/www.aviexproduction.com\\\/en\\\/#website\"},\"datePublished\":\"2024-12-10T14:40:51+00:00\",\"dateModified\":\"2025-01-14T19:04:30+00:00\",\"description\":\"Learn about our privacy policy. Find out how your personal data is protected by KVKK and how your privacy is ensured.\",\"breadcrumb\":{\"@id\":\"https:\\\/\\\/www.aviexproduction.com\\\/en\\\/privacy-policy\\\/#breadcrumb\"},\"inLanguage\":\"en-US\",\"potentialAction\":[{\"@type\":\"ReadAction\",\"target\":[\"https:\\\/\\\/www.aviexproduction.com\\\/en\\\/privacy-policy\\\/\"]}]},{\"@type\":\"BreadcrumbList\",\"@id\":\"https:\\\/\\\/www.aviexproduction.com\\\/en\\\/privacy-policy\\\/#breadcrumb\",\"itemListElement\":[{\"@type\":\"ListItem\",\"position\":1,\"name\":\"Anasayfa\",\"item\":\"https:\\\/\\\/www.aviexproduction.com\\\/en\\\/home-page\\\/\"},{\"@type\":\"ListItem\",\"position\":2,\"name\":\"Privacy Policy\"}]},{\"@type\":\"WebSite\",\"@id\":\"https:\\\/\\\/www.aviexproduction.com\\\/en\\\/#website\",\"url\":\"https:\\\/\\\/www.aviexproduction.com\\\/en\\\/\",\"name\":\"Aviex Prod\u00fcksiyon\",\"description\":\"Teknik Prod\u00fcksiyon Ekipman Kiralama\",\"publisher\":{\"@id\":\"https:\\\/\\\/www.aviexproduction.com\\\/en\\\/#organization\"},\"alternateName\":\"aviex\",\"potentialAction\":[{\"@type\":\"SearchAction\",\"target\":{\"@type\":\"EntryPoint\",\"urlTemplate\":\"https:\\\/\\\/www.aviexproduction.com\\\/en\\\/?s={search_term_string}\"},\"query-input\":{\"@type\":\"PropertyValueSpecification\",\"valueRequired\":true,\"valueName\":\"search_term_string\"}}],\"inLanguage\":\"en-US\"},{\"@type\":[\"Organization\",\"Place\",\"ProfessionalService\"],\"@id\":\"https:\\\/\\\/www.aviexproduction.com\\\/en\\\/#organization\",\"name\":\"Aviex Prod\u00fcksiyon ve Dan\u0131\u015fmanl\u0131k Hizmetleri Limited \u015eirketi\",\"alternateName\":\"Aviex Prod\u00fcksiyon\",\"url\":\"https:\\\/\\\/www.aviexproduction.com\\\/en\\\/\",\"logo\":{\"@id\":\"https:\\\/\\\/www.aviexproduction.com\\\/en\\\/privacy-policy\\\/#local-main-organization-logo\"},\"image\":{\"@id\":\"https:\\\/\\\/www.aviexproduction.com\\\/en\\\/privacy-policy\\\/#local-main-organization-logo\"},\"sameAs\":[\"https:\\\/\\\/www.instagram.com\\\/aviexproduction\\\/\"],\"description\":\"Aviex Prod\u00fcksiyon, teknik prod\u00fcksiyon, profesyonel kamera kiralama, LED ekran \u00e7\u00f6z\u00fcmleri, ses ve \u0131\u015f\u0131k sistemleri, sahne ve dekor kurulumu ile canl\u0131 yay\u0131n hizmetlerinde kapsaml\u0131 \u00e7\u00f6z\u00fcmler sunmaktad\u0131r.\",\"legalName\":\"Aviex Prod\u00fcksiyon ve Dan\u0131\u015fmanl\u0131k Hizmetleri Limited \u015eirketi\",\"foundingDate\":\"2023-01-09\",\"numberOfEmployees\":{\"@type\":\"QuantitativeValue\",\"minValue\":\"1\",\"maxValue\":\"10\"},\"ownershipFundingInfo\":\"https:\\\/\\\/www.aviexproduction.com\\\/\",\"correctionsPolicy\":\"https:\\\/\\\/www.aviexproduction.com\\\/kvkk\\\/\",\"ethicsPolicy\":\"https:\\\/\\\/www.aviexproduction.com\\\/cerez-politikasi\\\/\",\"address\":{\"@id\":\"https:\\\/\\\/www.aviexproduction.com\\\/en\\\/privacy-policy\\\/#local-main-place-address\"},\"geo\":{\"@type\":\"GeoCoordinates\",\"latitude\":\"41.05919\",\"longitude\":\"28.71186\"},\"telephone\":[\"0212 999 44 69\"],\"contactPoint\":{\"@type\":\"ContactPoint\",\"telephone\":\"+905336223598\",\"email\":\"can@aviexproduction.com\"},\"openingHoursSpecification\":[{\"@type\":\"OpeningHoursSpecification\",\"dayOfWeek\":[\"Monday\",\"Tuesday\",\"Wednesday\",\"Thursday\",\"Friday\",\"Saturday\",\"Sunday\"],\"opens\":\"09:00\",\"closes\":\"19:00\"}],\"email\":\"info@aviexproduction.com\",\"areaServed\":\"T\u00fcrkiye\",\"vatID\":\"1061521882\",\"globalLocationNumber\":\"+90\",\"priceRange\":\"$\",\"currenciesAccepted\":\"TL\"},{\"@type\":\"PostalAddress\",\"@id\":\"https:\\\/\\\/www.aviexproduction.com\\\/en\\\/privacy-policy\\\/#local-main-place-address\",\"streetAddress\":\"Tahtakale, Ispartakule Blv T10\",\"addressLocality\":\"istanbul\",\"postalCode\":\"34325\",\"addressRegion\":\"Avc\u0131lar\",\"addressCountry\":\"TR\"},{\"@type\":\"ImageObject\",\"inLanguage\":\"en-US\",\"@id\":\"https:\\\/\\\/www.aviexproduction.com\\\/en\\\/privacy-policy\\\/#local-main-organization-logo\",\"url\":\"https:\\\/\\\/www.aviexproduction.com\\\/wp-content\\\/uploads\\\/2024\\\/12\\\/Aviex-Teknik-Produksiyon-Logo-600-600.png\",\"contentUrl\":\"https:\\\/\\\/www.aviexproduction.com\\\/wp-content\\\/uploads\\\/2024\\\/12\\\/Aviex-Teknik-Produksiyon-Logo-600-600.png\",\"width\":1667,\"height\":1667,\"caption\":\"Aviex Prod\u00fcksiyon ve Dan\u0131\u015fmanl\u0131k Hizmetleri Limited \u015eirketi\"}]}<\/script>\n<meta name=\"geo.placename\" content=\"istanbul\" \/>\n<meta name=\"geo.position\" content=\"41.05919;28.71186\" \/>\n<meta name=\"geo.region\" content=\"Turkey\" \/>\n<!-- \/ Yoast SEO Premium plugin. -->","yoast_head_json":{"title":"Aviex Production | Privacy Policy","description":"Learn about our privacy policy. Find out how your personal data is protected by KVKK and how your privacy is ensured.","robots":{"index":"index","follow":"follow","max-snippet":"max-snippet:-1","max-image-preview":"max-image-preview:large","max-video-preview":"max-video-preview:-1"},"canonical":"https:\/\/www.aviexproduction.com\/en\/privacy-policy\/","og_locale":"en_US","og_type":"article","og_title":"Privacy Policy","og_description":"Learn about our privacy policy. Find out how your personal data is protected by KVKK and how your privacy is ensured.","og_url":"https:\/\/www.aviexproduction.com\/en\/privacy-policy\/","og_site_name":"Aviex Prod\u00fcksiyon","article_modified_time":"2025-01-14T19:04:30+00:00","og_image":[{"width":1200,"height":675,"url":"https:\/\/www.aviexproduction.com\/wp-content\/uploads\/2024\/12\/Aviex-Teknik-Produksiyon-Logo-yoast.png","type":"image\/png"}],"twitter_card":"summary_large_image","twitter_misc":{"Est. reading time":"2 minutes"},"schema":{"@context":"https:\/\/schema.org","@graph":[{"@type":"WebPage","@id":"https:\/\/www.aviexproduction.com\/en\/privacy-policy\/","url":"https:\/\/www.aviexproduction.com\/en\/privacy-policy\/","name":"Aviex Production | Privacy Policy","isPartOf":{"@id":"https:\/\/www.aviexproduction.com\/en\/#website"},"datePublished":"2024-12-10T14:40:51+00:00","dateModified":"2025-01-14T19:04:30+00:00","description":"Learn about our privacy policy. Find out how your personal data is protected by KVKK and how your privacy is ensured.","breadcrumb":{"@id":"https:\/\/www.aviexproduction.com\/en\/privacy-policy\/#breadcrumb"},"inLanguage":"en-US","potentialAction":[{"@type":"ReadAction","target":["https:\/\/www.aviexproduction.com\/en\/privacy-policy\/"]}]},{"@type":"BreadcrumbList","@id":"https:\/\/www.aviexproduction.com\/en\/privacy-policy\/#breadcrumb","itemListElement":[{"@type":"ListItem","position":1,"name":"Anasayfa","item":"https:\/\/www.aviexproduction.com\/en\/home-page\/"},{"@type":"ListItem","position":2,"name":"Privacy Policy"}]},{"@type":"WebSite","@id":"https:\/\/www.aviexproduction.com\/en\/#website","url":"https:\/\/www.aviexproduction.com\/en\/","name":"Aviex Prod\u00fcksiyon","description":"Teknik Prod\u00fcksiyon Ekipman Kiralama","publisher":{"@id":"https:\/\/www.aviexproduction.com\/en\/#organization"},"alternateName":"aviex","potentialAction":[{"@type":"SearchAction","target":{"@type":"EntryPoint","urlTemplate":"https:\/\/www.aviexproduction.com\/en\/?s={search_term_string}"},"query-input":{"@type":"PropertyValueSpecification","valueRequired":true,"valueName":"search_term_string"}}],"inLanguage":"en-US"},{"@type":["Organization","Place","ProfessionalService"],"@id":"https:\/\/www.aviexproduction.com\/en\/#organization","name":"Aviex Prod\u00fcksiyon ve Dan\u0131\u015fmanl\u0131k Hizmetleri Limited \u015eirketi","alternateName":"Aviex Prod\u00fcksiyon","url":"https:\/\/www.aviexproduction.com\/en\/","logo":{"@id":"https:\/\/www.aviexproduction.com\/en\/privacy-policy\/#local-main-organization-logo"},"image":{"@id":"https:\/\/www.aviexproduction.com\/en\/privacy-policy\/#local-main-organization-logo"},"sameAs":["https:\/\/www.instagram.com\/aviexproduction\/"],"description":"Aviex Prod\u00fcksiyon, teknik prod\u00fcksiyon, profesyonel kamera kiralama, LED ekran \u00e7\u00f6z\u00fcmleri, ses ve \u0131\u015f\u0131k sistemleri, sahne ve dekor kurulumu ile canl\u0131 yay\u0131n hizmetlerinde kapsaml\u0131 \u00e7\u00f6z\u00fcmler sunmaktad\u0131r.","legalName":"Aviex Prod\u00fcksiyon ve Dan\u0131\u015fmanl\u0131k Hizmetleri Limited \u015eirketi","foundingDate":"2023-01-09","numberOfEmployees":{"@type":"QuantitativeValue","minValue":"1","maxValue":"10"},"ownershipFundingInfo":"https:\/\/www.aviexproduction.com\/","correctionsPolicy":"https:\/\/www.aviexproduction.com\/kvkk\/","ethicsPolicy":"https:\/\/www.aviexproduction.com\/cerez-politikasi\/","address":{"@id":"https:\/\/www.aviexproduction.com\/en\/privacy-policy\/#local-main-place-address"},"geo":{"@type":"GeoCoordinates","latitude":"41.05919","longitude":"28.71186"},"telephone":["0212 999 44 69"],"contactPoint":{"@type":"ContactPoint","telephone":"+905336223598","email":"can@aviexproduction.com"},"openingHoursSpecification":[{"@type":"OpeningHoursSpecification","dayOfWeek":["Monday","Tuesday","Wednesday","Thursday","Friday","Saturday","Sunday"],"opens":"09:00","closes":"19:00"}],"email":"info@aviexproduction.com","areaServed":"T\u00fcrkiye","vatID":"1061521882","globalLocationNumber":"+90","priceRange":"$","currenciesAccepted":"TL"},{"@type":"PostalAddress","@id":"https:\/\/www.aviexproduction.com\/en\/privacy-policy\/#local-main-place-address","streetAddress":"Tahtakale, Ispartakule Blv T10","addressLocality":"istanbul","postalCode":"34325","addressRegion":"Avc\u0131lar","addressCountry":"TR"},{"@type":"ImageObject","inLanguage":"en-US","@id":"https:\/\/www.aviexproduction.com\/en\/privacy-policy\/#local-main-organization-logo","url":"https:\/\/www.aviexproduction.com\/wp-content\/uploads\/2024\/12\/Aviex-Teknik-Produksiyon-Logo-600-600.png","contentUrl":"https:\/\/www.aviexproduction.com\/wp-content\/uploads\/2024\/12\/Aviex-Teknik-Produksiyon-Logo-600-600.png","width":1667,"height":1667,"caption":"Aviex Prod\u00fcksiyon ve Dan\u0131\u015fmanl\u0131k Hizmetleri Limited \u015eirketi"}]},"geo.placename":"istanbul","geo.position":{"lat":"41.05919","long":"28.71186"},"geo.region":"Turkey"},"_links":{"self":[{"href":"https:\/\/www.aviexproduction.com\/en\/wp-json\/wp\/v2\/pages\/3273","targetHints":{"allow":["GET"]}}],"collection":[{"href":"https:\/\/www.aviexproduction.com\/en\/wp-json\/wp\/v2\/pages"}],"about":[{"href":"https:\/\/www.aviexproduction.com\/en\/wp-json\/wp\/v2\/types\/page"}],"author":[{"embeddable":true,"href":"https:\/\/www.aviexproduction.com\/en\/wp-json\/wp\/v2\/users\/1"}],"replies":[{"embeddable":true,"href":"https:\/\/www.aviexproduction.com\/en\/wp-json\/wp\/v2\/comments?post=3273"}],"version-history":[{"count":0,"href":"https:\/\/www.aviexproduction.com\/en\/wp-json\/wp\/v2\/pages\/3273\/revisions"}],"wp:attachment":[{"href":"https:\/\/www.aviexproduction.com\/en\/wp-json\/wp\/v2\/media?parent=3273"}],"curies":[{"name":"wp","href":"https:\/\/api.w.org\/{rel}","templated":true}]}}